{"id":105,"date":"2014-01-30T11:47:00","date_gmt":"2014-01-30T10:47:00","guid":{"rendered":"http:\/\/www.footballissima.ch\/?page_id=105"},"modified":"2014-01-30T11:47:00","modified_gmt":"2014-01-30T10:47:00","slug":"dons-2008","status":"publish","type":"page","link":"https:\/\/www.footballissima.ch\/?page_id=105","title":{"rendered":"Dons 2008"},"content":{"rendered":"<p>En 2008, Footballissima a offert du mat\u00e9riel \u00e0 l&#8217;association &#8220;Enfants de Tanzanie&#8221; qui l&#8217;a distribu\u00e9 dans l&#8217;\u00e9cole primaire d&#8217;Olturoto qui se trouve dans le nord de la Tanzanie.<\/p>\n<p><a href=\"https:\/\/www.footballissima.ch\/wp-content\/uploads\/2014\/01\/2008.png\"><img loading=\"lazy\" decoding=\"async\" class=\"size-full wp-image-101 aligncenter\" alt=\"2008\" src=\"https:\/\/www.footballissima.ch\/wp-content\/uploads\/2014\/01\/2008.png\" width=\"813\" height=\"315\" srcset=\"https:\/\/www.footballissima.ch\/wp-content\/uploads\/2014\/01\/2008.png 813w, https:\/\/www.footballissima.ch\/wp-content\/uploads\/2014\/01\/2008-300x116.png 300w, https:\/\/www.footballissima.ch\/wp-content\/uploads\/2014\/01\/2008-322x125.png 322w, https:\/\/www.footballissima.ch\/wp-content\/uploads\/2014\/01\/2008-344x133.png 344w, https:\/\/www.footballissima.ch\/wp-content\/uploads\/2014\/01\/2008-750x290.png 750w\" sizes=\"(max-width: 813px) 100vw, 813px\" \/><\/a>Suite \u00e0 l&#8217;\u00e9dition 2009, Footballissima va soutenir l&#8217;acad\u00e9mie de football &#8220;AYSA&#8221; au Zimbabwe. Un projet est en phase de finalisation ! Vous trouverez de plus amples informations sur ce projet dans quelques semaines.<\/p>\n<p>&nbsp;<\/p>\n","protected":false},"excerpt":{"rendered":"<p>En 2008, Footballissima a offert du mat\u00e9riel \u00e0 l&#8217;association &#8220;Enfants de Tanzanie&#8221; qui l&#8217;a distribu\u00e9 dans l&#8217;\u00e9cole primaire d&#8217;Olturoto qui se trouve dans le nord de la Tanzanie. Suite \u00e0 l&#8217;\u00e9dition 2009, Footballissima va soutenir l&#8217;acad\u00e9mie de football &#8220;AYSA&#8221; au Zimbabwe. Un projet est en phase de finalisation ! Vous trouverez de plus amples informations&#8230; <a href=\"https:\/\/www.footballissima.ch\/?page_id=105\" class=\"read-more-link\">Read More<\/a><\/p>\n","protected":false},"author":1,"featured_media":0,"parent":0,"menu_order":0,"comment_status":"open","ping_status":"open","template":"","meta":{"footnotes":""},"_links":{"self":[{"href":"https:\/\/www.footballissima.ch\/index.php?rest_route=\/wp\/v2\/pages\/105"}],"collection":[{"href":"https:\/\/www.footballissima.ch\/index.php?rest_route=\/wp\/v2\/pages"}],"about":[{"href":"https:\/\/www.footballissima.ch\/index.php?rest_route=\/wp\/v2\/types\/page"}],"author":[{"embeddable":true,"href":"https:\/\/www.footballissima.ch\/index.php?rest_route=\/wp\/v2\/users\/1"}],"replies":[{"embeddable":true,"href":"https:\/\/www.footballissima.ch\/index.php?rest_route=%2Fwp%2Fv2%2Fcomments&post=105"}],"version-history":[{"count":1,"href":"https:\/\/www.footballissima.ch\/index.php?rest_route=\/wp\/v2\/pages\/105\/revisions"}],"predecessor-version":[{"id":106,"href":"https:\/\/www.footballissima.ch\/index.php?rest_route=\/wp\/v2\/pages\/105\/revisions\/106"}],"wp:attachment":[{"href":"https:\/\/www.footballissima.ch\/index.php?rest_route=%2Fwp%2Fv2%2Fmedia&parent=105"}],"curies":[{"name":"wp","href":"https:\/\/api.w.org\/{rel}","templated":true}]}}