{"id":109,"date":"2014-01-30T11:47:59","date_gmt":"2014-01-30T10:47:59","guid":{"rendered":"http:\/\/www.footballissima.ch\/?page_id=109"},"modified":"2014-01-30T11:47:59","modified_gmt":"2014-01-30T10:47:59","slug":"dons-2011","status":"publish","type":"page","link":"https:\/\/www.footballissima.ch\/?page_id=109","title":{"rendered":"Dons 2011"},"content":{"rendered":"<p>En 2011, Footballissima a fourni du mat\u00e9riel de football (ballons, casquettes, maillots) \u00e0 l&#8217;association &#8220;Pro Education Africa&#8221; qui l&#8217;a offert \u00e0 des enfants d\u00e9favoris\u00e9s du Togo. Footballissima a \u00e9galement parrain\u00e9 l&#8217;\u00e9quipe nationale suisse cycliste de sport handicap.<\/p>\n<p><a href=\"https:\/\/www.footballissima.ch\/wp-content\/uploads\/2014\/01\/2011.png\"><img loading=\"lazy\" decoding=\"async\" class=\"alignnone size-full wp-image-103 aligncenter\" alt=\"2011\" src=\"https:\/\/www.footballissima.ch\/wp-content\/uploads\/2014\/01\/2011.png\" width=\"708\" height=\"329\" srcset=\"https:\/\/www.footballissima.ch\/wp-content\/uploads\/2014\/01\/2011.png 708w, https:\/\/www.footballissima.ch\/wp-content\/uploads\/2014\/01\/2011-300x139.png 300w, https:\/\/www.footballissima.ch\/wp-content\/uploads\/2014\/01\/2011-268x125.png 268w, https:\/\/www.footballissima.ch\/wp-content\/uploads\/2014\/01\/2011-344x159.png 344w\" sizes=\"(max-width: 708px) 100vw, 708px\" \/><\/a><\/p>\n","protected":false},"excerpt":{"rendered":"<p>En 2011, Footballissima a fourni du mat\u00e9riel de football (ballons, casquettes, maillots) \u00e0 l&#8217;association &#8220;Pro Education Africa&#8221; qui l&#8217;a offert \u00e0 des enfants d\u00e9favoris\u00e9s du Togo. Footballissima a \u00e9galement parrain\u00e9 l&#8217;\u00e9quipe nationale suisse cycliste de sport handicap.<\/p>\n","protected":false},"author":1,"featured_media":0,"parent":0,"menu_order":0,"comment_status":"open","ping_status":"open","template":"","meta":{"footnotes":""},"_links":{"self":[{"href":"https:\/\/www.footballissima.ch\/index.php?rest_route=\/wp\/v2\/pages\/109"}],"collection":[{"href":"https:\/\/www.footballissima.ch\/index.php?rest_route=\/wp\/v2\/pages"}],"about":[{"href":"https:\/\/www.footballissima.ch\/index.php?rest_route=\/wp\/v2\/types\/page"}],"author":[{"embeddable":true,"href":"https:\/\/www.footballissima.ch\/index.php?rest_route=\/wp\/v2\/users\/1"}],"replies":[{"embeddable":true,"href":"https:\/\/www.footballissima.ch\/index.php?rest_route=%2Fwp%2Fv2%2Fcomments&post=109"}],"version-history":[{"count":1,"href":"https:\/\/www.footballissima.ch\/index.php?rest_route=\/wp\/v2\/pages\/109\/revisions"}],"predecessor-version":[{"id":110,"href":"https:\/\/www.footballissima.ch\/index.php?rest_route=\/wp\/v2\/pages\/109\/revisions\/110"}],"wp:attachment":[{"href":"https:\/\/www.footballissima.ch\/index.php?rest_route=%2Fwp%2Fv2%2Fmedia&parent=109"}],"curies":[{"name":"wp","href":"https:\/\/api.w.org\/{rel}","templated":true}]}}