{"id":211,"date":"2014-12-15T15:59:41","date_gmt":"2014-12-15T14:59:41","guid":{"rendered":"http:\/\/www.footballissima.ch\/?page_id=211"},"modified":"2014-12-15T16:03:59","modified_gmt":"2014-12-15T15:03:59","slug":"dons-2013-2","status":"publish","type":"page","link":"https:\/\/www.footballissima.ch\/?page_id=211","title":{"rendered":"Dons 2014"},"content":{"rendered":"<p>En 2014, Footballissima a fourni du mat\u00e9riel sportif et fait un don \u00e0 la fondation \u00ab\u00a0BK.Lubamba\u00a0\u00bb qui s\u2019occupe de jeunes d\u00e9favoris\u00e9s \u00e0 Kinshasa au Congo.<\/p>\n<p>Nous avons \u00e9galement fait un don \u00e0 l\u2019association des \u00ab\u00a0Pinceaux Magiques\u00a0\u00bb qui offre aux enfants romands malades des moments color\u00e9s gr\u00e2ce \u00e0 la peinture sur soie.<\/p>\n<p>Enfin, nous avons sponsoris\u00e9 les jeunes footballeurs du CS Italien lors du match de coupe Suisse\u00a0: CS Italien-FC B\u00e2le.<\/p>\n<p>&nbsp;<\/p>\n<p><a href=\"https:\/\/www.footballissima.ch\/wp-content\/uploads\/2014\/12\/2014.jpg\"><img loading=\"lazy\" decoding=\"async\" class=\"size-large wp-image-216 aligncenter\" alt=\"2014\" src=\"https:\/\/www.footballissima.ch\/wp-content\/uploads\/2014\/12\/2014-1024x553.jpg\" width=\"600\" height=\"324\" srcset=\"https:\/\/www.footballissima.ch\/wp-content\/uploads\/2014\/12\/2014-1024x553.jpg 1024w, https:\/\/www.footballissima.ch\/wp-content\/uploads\/2014\/12\/2014-300x162.jpg 300w, https:\/\/www.footballissima.ch\/wp-content\/uploads\/2014\/12\/2014-231x125.jpg 231w, https:\/\/www.footballissima.ch\/wp-content\/uploads\/2014\/12\/2014-344x185.jpg 344w, https:\/\/www.footballissima.ch\/wp-content\/uploads\/2014\/12\/2014-750x405.jpg 750w, https:\/\/www.footballissima.ch\/wp-content\/uploads\/2014\/12\/2014.jpg 1110w\" sizes=\"(max-width: 600px) 100vw, 600px\" \/><\/a><\/p>\n","protected":false},"excerpt":{"rendered":"<p>En 2014, Footballissima a fourni du mat\u00e9riel sportif et fait un don \u00e0 la fondation \u00ab\u00a0BK.Lubamba\u00a0\u00bb qui s\u2019occupe de jeunes d\u00e9favoris\u00e9s \u00e0 Kinshasa au Congo. Nous avons \u00e9galement fait un don \u00e0 l\u2019association des \u00ab\u00a0Pinceaux Magiques\u00a0\u00bb qui offre aux enfants romands malades des moments color\u00e9s gr\u00e2ce \u00e0 la peinture sur soie. Enfin, nous avons sponsoris\u00e9&#8230; <a href=\"https:\/\/www.footballissima.ch\/?page_id=211\" class=\"read-more-link\">Read More<\/a><\/p>\n","protected":false},"author":1,"featured_media":0,"parent":0,"menu_order":0,"comment_status":"open","ping_status":"open","template":"","meta":{"footnotes":""},"_links":{"self":[{"href":"https:\/\/www.footballissima.ch\/index.php?rest_route=\/wp\/v2\/pages\/211"}],"collection":[{"href":"https:\/\/www.footballissima.ch\/index.php?rest_route=\/wp\/v2\/pages"}],"about":[{"href":"https:\/\/www.footballissima.ch\/index.php?rest_route=\/wp\/v2\/types\/page"}],"author":[{"embeddable":true,"href":"https:\/\/www.footballissima.ch\/index.php?rest_route=\/wp\/v2\/users\/1"}],"replies":[{"embeddable":true,"href":"https:\/\/www.footballissima.ch\/index.php?rest_route=%2Fwp%2Fv2%2Fcomments&post=211"}],"version-history":[{"count":4,"href":"https:\/\/www.footballissima.ch\/index.php?rest_route=\/wp\/v2\/pages\/211\/revisions"}],"predecessor-version":[{"id":219,"href":"https:\/\/www.footballissima.ch\/index.php?rest_route=\/wp\/v2\/pages\/211\/revisions\/219"}],"wp:attachment":[{"href":"https:\/\/www.footballissima.ch\/index.php?rest_route=%2Fwp%2Fv2%2Fmedia&parent=211"}],"curies":[{"name":"wp","href":"https:\/\/api.w.org\/{rel}","templated":true}]}}