{"id":26,"date":"2014-01-27T17:43:06","date_gmt":"2014-01-27T16:43:06","guid":{"rendered":"http:\/\/www.footballissima.ch\/?page_id=26"},"modified":"2023-12-15T10:12:49","modified_gmt":"2023-12-15T09:12:49","slug":"historique","status":"publish","type":"page","link":"https:\/\/www.footballissima.ch\/?page_id=26","title":{"rendered":"Historique"},"content":{"rendered":"<p>Le projet Footballissima est n\u00e9 \u00e0 la fin du XX\u00e8me si\u00e8cle, plus pr\u00e9cis\u00e9ment en 2000.<\/p>\n<p>Quatre copains en sont \u00e0 l&#8217;origine : Patrick Girod, Florian Brunner, David B\u00e9dert et Patrice Gras. Ensemble ils ont d\u00e9cid\u00e9 d&#8217;organiser une manifestation d\u00e9di\u00e9e uniquement \u00e0 leur sport favori, le football. L&#8217;id\u00e9e \u00e9tait de cr\u00e9er des stages hebdomadaires, o\u00f9 les enfants seraient pris en charge quotidiennement par une \u00e9quipe de moniteurs pour pratiquer leur sport favori.<\/p>\n<p>Le d\u00e9sir de mettre sur pied ces stages de football est n\u00e9 de la frustration de n&#8217;avoir pu participer dans leur r\u00e9gion \u00e0 de tels camps lorsqu&#8217;ils \u00e9taient apprentis-footballeurs. Trouver un lieu pouvant accueillir cette organisation n&#8217;a pas \u00e9t\u00e9 \u00e9vident mais gr\u00e2ce au Servette FC et \u00e0 la Fondation des Evaux, Footballissima a pris ses quartiers dans le magnifique Centre Sportif des Evaux \u00e0 Onex. La premi\u00e8re \u00e9dition a vu le jour \u00e0 l&#8217;\u00e9t\u00e9 2001, r\u00e9unissant 150 enfants et 15 moniteurs pendant 2 semaines. En plus des entra\u00eenements quotidiens, les participants ont eu le plaisir de se livrer \u00e0 une s\u00e9ance photo et d\u00e9dicaces avec le &#8221; Lyonnais &#8221; et international helv\u00e9tique Patrick M\u00fcller, parrain de la manifestation.<\/p>\n<p style=\"text-align: center;\"><a href=\"https:\/\/www.footballissima.ch\/wp-content\/uploads\/2014\/01\/muller.jpg\"><img loading=\"lazy\" decoding=\"async\" class=\" wp-image-119 aligncenter\" src=\"https:\/\/www.footballissima.ch\/wp-content\/uploads\/2014\/01\/muller.jpg\" alt=\"muller\" width=\"240\" height=\"300\" srcset=\"https:\/\/www.footballissima.ch\/wp-content\/uploads\/2014\/01\/muller.jpg 400w, https:\/\/www.footballissima.ch\/wp-content\/uploads\/2014\/01\/muller-240x300.jpg 240w, https:\/\/www.footballissima.ch\/wp-content\/uploads\/2014\/01\/muller-100x125.jpg 100w, https:\/\/www.footballissima.ch\/wp-content\/uploads\/2014\/01\/muller-344x430.jpg 344w\" sizes=\"(max-width: 240px) 100vw, 240px\" \/><\/a><\/p>\n<p>Les joueurs de l&#8217;\u00e9quipe fanion du Servette FC leurs ont \u00e9galement rendu visite durant la semaine, signant maillots, casquettes, ballons pour leurs jeunes fans. G\u00e9rard Castella, ex entra\u00eeneur d&#8217;UGS, Meyrin, Carouge, Servette et Saint-Gall anima une matin\u00e9e, mettant son exp\u00e9rience et son enthousiasme au service des jeunes.<\/p>\n<p>Pour la deuxi\u00e8me \u00e9dition, durant l&#8217;\u00e9t\u00e9 2002, Footballissima s&#8217;est agrandit : les stages se sont \u00e9tal\u00e9s sur 4 semaines et ont attir\u00e9 300 footballeurs en herbe. Un nouveau venu, David B\u00e9dert, est venu renforcer le comit\u00e9 d&#8217;organisation. La visite de G\u00e9rard Castella, une discussion avec Eric P\u00e9dat et la pr\u00e9sence des joueurs du Servette ont \u00e9t\u00e9 les points forts de cette \u00e9dition. Comme l&#8217;ann\u00e9e pr\u00e9c\u00e9dente, les stagiaires ont b\u00e9n\u00e9fici\u00e9 des judicieux conseils du physioth\u00e9rapeute Nicolas Mentha durant une s\u00e9ance d&#8217;information interactive d\u00e9di\u00e9e aux besoins physiques du footballeur.<\/p>\n<p><img loading=\"lazy\" decoding=\"async\" class=\" wp-image-120 aligncenter\" src=\"https:\/\/www.footballissima.ch\/wp-content\/uploads\/2014\/01\/Servette_FC_Gen\u00e8ve.png\" alt=\"Servette_FC_Gen\u00e8ve\" width=\"240\" height=\"239\" srcset=\"https:\/\/www.footballissima.ch\/wp-content\/uploads\/2014\/01\/Servette_FC_Gen\u00e8ve.png 400w, https:\/\/www.footballissima.ch\/wp-content\/uploads\/2014\/01\/Servette_FC_Gen\u00e8ve-150x150.png 150w, https:\/\/www.footballissima.ch\/wp-content\/uploads\/2014\/01\/Servette_FC_Gen\u00e8ve-300x300.png 300w, https:\/\/www.footballissima.ch\/wp-content\/uploads\/2014\/01\/Servette_FC_Gen\u00e8ve-125x125.png 125w, https:\/\/www.footballissima.ch\/wp-content\/uploads\/2014\/01\/Servette_FC_Gen\u00e8ve-80x80.png 80w, https:\/\/www.footballissima.ch\/wp-content\/uploads\/2014\/01\/Servette_FC_Gen\u00e8ve-344x343.png 344w\" sizes=\"(max-width: 240px) 100vw, 240px\" \/><\/p>\n<p>Toujours aussi motiv\u00e9s et r\u00e9pondant \u00e0 une demande croissante les organisateurs se sont lanc\u00e9s une troisi\u00e8me fois dans l&#8217;aventure. La 3\u00e8me \u00e9dition s&#8217;est d\u00e9roul\u00e9e sur 5 semaines et a permis d&#8217;accueillir pr\u00e8s de 450 jeunes durant l&#8217;\u00e9t\u00e9 2003.<\/p>\n<p>En plus des traditionnels autographes des joueurs du Servette, les jeunes ont m\u00eame pu jouer avec ces professionnels du ballon rond ! La visite du r\u00e9cent Stade de Gen\u00e8ve \u00e9tait \u00e9galement au programme \u00e0 la grande joie des participants. Une nouvelle fois G\u00e9rard Castella nous a fait l&#8217;honneur de sa visite en dirigeant une s\u00e9ance d&#8217;entra\u00eenement durant une matin\u00e9e.<\/p>\n<p>La quatri\u00e8me \u00e9dition s&#8217;est d\u00e9roul\u00e9e durant l&#8217;\u00e9t\u00e9 2004 sur 6 semaines et a permis \u00e0 600 enfants de se retrouver aux Evaux pour partager leur passion : le ballon rond. Les enfants ont eu la chance de pouvoir obtenir des autographes et des photos de v\u00e9ritables stars du football, \u00e0 savoir Christian Karembeu, champion du monde 1998 et champion d&#8217;Europe 2000, Viorel Moldovan, ancien meilleur buteur du championnat de France, et tous les autres joueurs professionnels du Servette FC.<\/p>\n<p><a href=\"https:\/\/www.footballissima.ch\/wp-content\/uploads\/2014\/01\/karembeu.jpg\"><img loading=\"lazy\" decoding=\"async\" class=\"wp-image-121 aligncenter\" src=\"https:\/\/www.footballissima.ch\/wp-content\/uploads\/2014\/01\/karembeu.jpg\" alt=\"karembeu\" width=\"284\" height=\"189\" srcset=\"https:\/\/www.footballissima.ch\/wp-content\/uploads\/2014\/01\/karembeu.jpg 474w, https:\/\/www.footballissima.ch\/wp-content\/uploads\/2014\/01\/karembeu-300x199.jpg 300w, https:\/\/www.footballissima.ch\/wp-content\/uploads\/2014\/01\/karembeu-188x125.jpg 188w, https:\/\/www.footballissima.ch\/wp-content\/uploads\/2014\/01\/karembeu-344x228.jpg 344w\" sizes=\"(max-width: 284px) 100vw, 284px\" \/><\/a><\/p>\n<p>Les ann\u00e9es 2005, 2006 et 2007 ont vu Footballissima continuer \u00e0 accueillir des centaines d&#8217;enfants au centre sportif des Evaux. Les joueurs du &#8220;nouveau&#8221; Servette ont continu\u00e9 \u00e0 venir signer des autographes aux enfants pour leur plus grande joie.<\/p>\n<p>En 2006, de nouvelles activit\u00e9s ont \u00e9t\u00e9 propos\u00e9es, telles que: concours de tirs de pr\u00e9cision dans un immense but gonflable et mesure de la vitesse du tir au but gr\u00e2ce \u00e0 un radar!<\/p>\n<p>D\u00e8s 2007, chaque enfant a re\u00e7u un DVD avec photos et film de la semaine. Les joueurs de la premi\u00e8re \u00e9quipe du SFC nous ont fait le plaisir de participer \u00e0 quelques entra\u00eenements et ont \u00e9galement sign\u00e9 des autographes aux enfants chaque semaine.<\/p>\n<p>En 2011, pour ses 10 ans, Footballissima a organis\u00e9 un repas de gala au centre sportif des Evaux et a collect\u00e9 des fonds pour venir en aide \u00e0 diverses associations caritatives. D\u00e8s 2014 Footballissima a organis\u00e9 des stages \u00e9galement sur la rive gauche au centre sportif de Rouelbeau \u00e0 Meinier.<\/p>\n<p>En 2015, Footballissima a lanc\u00e9 un concept 100% filles : Girlissima<\/p>\n<p>En 2024, Girlissima devient Funissima et accueille filles et gar\u00e7ons de 6 \u00e0 12 ans.<\/p>\n","protected":false},"excerpt":{"rendered":"<p>Le projet Footballissima est n\u00e9 \u00e0 la fin du XX\u00e8me si\u00e8cle, plus pr\u00e9cis\u00e9ment en 2000. Quatre copains en sont \u00e0 l&#8217;origine : Patrick Girod, Florian Brunner, David B\u00e9dert et Patrice Gras. Ensemble ils ont d\u00e9cid\u00e9 d&#8217;organiser une manifestation d\u00e9di\u00e9e uniquement \u00e0 leur sport favori, le football. L&#8217;id\u00e9e \u00e9tait de cr\u00e9er des stages hebdomadaires, o\u00f9 les&#8230; <a href=\"https:\/\/www.footballissima.ch\/?page_id=26\" class=\"read-more-link\">Read More<\/a><\/p>\n","protected":false},"author":1,"featured_media":0,"parent":0,"menu_order":0,"comment_status":"open","ping_status":"open","template":"","meta":{"footnotes":""},"_links":{"self":[{"href":"https:\/\/www.footballissima.ch\/index.php?rest_route=\/wp\/v2\/pages\/26"}],"collection":[{"href":"https:\/\/www.footballissima.ch\/index.php?rest_route=\/wp\/v2\/pages"}],"about":[{"href":"https:\/\/www.footballissima.ch\/index.php?rest_route=\/wp\/v2\/types\/page"}],"author":[{"embeddable":true,"href":"https:\/\/www.footballissima.ch\/index.php?rest_route=\/wp\/v2\/users\/1"}],"replies":[{"embeddable":true,"href":"https:\/\/www.footballissima.ch\/index.php?rest_route=%2Fwp%2Fv2%2Fcomments&post=26"}],"version-history":[{"count":6,"href":"https:\/\/www.footballissima.ch\/index.php?rest_route=\/wp\/v2\/pages\/26\/revisions"}],"predecessor-version":[{"id":563,"href":"https:\/\/www.footballissima.ch\/index.php?rest_route=\/wp\/v2\/pages\/26\/revisions\/563"}],"wp:attachment":[{"href":"https:\/\/www.footballissima.ch\/index.php?rest_route=%2Fwp%2Fv2%2Fmedia&parent=26"}],"curies":[{"name":"wp","href":"https:\/\/api.w.org\/{rel}","templated":true}]}}