{"id":305,"date":"2016-03-01T15:42:28","date_gmt":"2016-03-01T14:42:28","guid":{"rendered":"http:\/\/www.footballissima.ch\/?page_id=305"},"modified":"2016-03-01T15:42:28","modified_gmt":"2016-03-01T14:42:28","slug":"dons-2013-2-2","status":"publish","type":"page","link":"https:\/\/www.footballissima.ch\/?page_id=305","title":{"rendered":"Dons 2015"},"content":{"rendered":"<p>En 2015, Footballissima a fourni du mat\u00e9riel sportif (maillots, trainings et ballons) \u00e0 la fondation \u00ab BK.Lubamba \u00bb cr\u00e9\u00e9e par l\u2019ancien joueur de la \u00ab\u00a0Nati\u00a0\u00bb Badile Lubamba, qui s\u2019occupe de jeunes d\u00e9favoris\u00e9s \u00e0 Kinshasa au Congo.<\/p>\n<p>Nous avons \u00e9galement fait un don \u00e0 la fondation pour permettre l\u2019organisation de stages de football \u00e0 Kinshasa et accueillir gratuitement plusieurs dizaines d\u2019enfants congolais durant une semaine.<\/p>\n<p><a href=\"https:\/\/www.footballissima.ch\/wp-content\/uploads\/2016\/03\/BK-Lubamba-2015.jpg\"><img loading=\"lazy\" decoding=\"async\" class=\"size-large wp-image-306 aligncenter\" alt=\"BK Lubamba 2015\" src=\"https:\/\/www.footballissima.ch\/wp-content\/uploads\/2016\/03\/BK-Lubamba-2015-1024x640.jpg\" width=\"600\" height=\"375\" srcset=\"https:\/\/www.footballissima.ch\/wp-content\/uploads\/2016\/03\/BK-Lubamba-2015-1024x640.jpg 1024w, https:\/\/www.footballissima.ch\/wp-content\/uploads\/2016\/03\/BK-Lubamba-2015-300x187.jpg 300w, https:\/\/www.footballissima.ch\/wp-content\/uploads\/2016\/03\/BK-Lubamba-2015-199x125.jpg 199w, https:\/\/www.footballissima.ch\/wp-content\/uploads\/2016\/03\/BK-Lubamba-2015-344x215.jpg 344w, https:\/\/www.footballissima.ch\/wp-content\/uploads\/2016\/03\/BK-Lubamba-2015-750x469.jpg 750w, https:\/\/www.footballissima.ch\/wp-content\/uploads\/2016\/03\/BK-Lubamba-2015.jpg 1285w\" sizes=\"(max-width: 600px) 100vw, 600px\" \/><\/a><\/p>\n","protected":false},"excerpt":{"rendered":"<p>En 2015, Footballissima a fourni du mat\u00e9riel sportif (maillots, trainings et ballons) \u00e0 la fondation \u00ab BK.Lubamba \u00bb cr\u00e9\u00e9e par l\u2019ancien joueur de la \u00ab\u00a0Nati\u00a0\u00bb Badile Lubamba, qui s\u2019occupe de jeunes d\u00e9favoris\u00e9s \u00e0 Kinshasa au Congo. Nous avons \u00e9galement fait un don \u00e0 la fondation pour permettre l\u2019organisation de stages de football \u00e0 Kinshasa et&#8230; <a href=\"https:\/\/www.footballissima.ch\/?page_id=305\" class=\"read-more-link\">Read More<\/a><\/p>\n","protected":false},"author":1,"featured_media":0,"parent":0,"menu_order":0,"comment_status":"open","ping_status":"open","template":"","meta":{"footnotes":""},"_links":{"self":[{"href":"https:\/\/www.footballissima.ch\/index.php?rest_route=\/wp\/v2\/pages\/305"}],"collection":[{"href":"https:\/\/www.footballissima.ch\/index.php?rest_route=\/wp\/v2\/pages"}],"about":[{"href":"https:\/\/www.footballissima.ch\/index.php?rest_route=\/wp\/v2\/types\/page"}],"author":[{"embeddable":true,"href":"https:\/\/www.footballissima.ch\/index.php?rest_route=\/wp\/v2\/users\/1"}],"replies":[{"embeddable":true,"href":"https:\/\/www.footballissima.ch\/index.php?rest_route=%2Fwp%2Fv2%2Fcomments&post=305"}],"version-history":[{"count":1,"href":"https:\/\/www.footballissima.ch\/index.php?rest_route=\/wp\/v2\/pages\/305\/revisions"}],"predecessor-version":[{"id":307,"href":"https:\/\/www.footballissima.ch\/index.php?rest_route=\/wp\/v2\/pages\/305\/revisions\/307"}],"wp:attachment":[{"href":"https:\/\/www.footballissima.ch\/index.php?rest_route=%2Fwp%2Fv2%2Fmedia&parent=305"}],"curies":[{"name":"wp","href":"https:\/\/api.w.org\/{rel}","templated":true}]}}