{"id":320,"date":"2017-03-03T11:46:57","date_gmt":"2017-03-03T10:46:57","guid":{"rendered":"http:\/\/www.footballissima.ch\/?page_id=320"},"modified":"2017-03-06T14:02:07","modified_gmt":"2017-03-06T13:02:07","slug":"dons-2013-2-2-2","status":"publish","type":"page","link":"https:\/\/www.footballissima.ch\/?page_id=320","title":{"rendered":"Dons 2016"},"content":{"rendered":"<p>En 2016, Footballissima a soutenu 3 associations qui viennent en aide aux enfants d\u00e9favoris\u00e9s en Afrique et en Am\u00e9rique du Sud:<\/p>\n<p>Fondation BK.LUBAMBA<br \/>\nCourage et dignit\u00e9 pour la jeunesse de la R.D.Congo<br \/>\n<a href=\"http:\/\/www.bklubamba.org\/\" target=\"_blank\">http:\/\/www.bklubamba.org\/<\/a><\/p>\n<p>Escola de futebol construindo sonhos, Rio Bananal, Esperito Santo, Br\u00e9sil<br \/>\n<a href=\"https:\/\/www.facebook.com\/Escola-De-Futebol-Construindo-Sonhos-Rio-Bananal-Es-1486904054933978\/?rc=p\">https:\/\/www.facebook.com\/Escola-De-Futebol-Construindo-Sonhos-Rio-Bananal-Es-1486904054933978\/?rc=p<\/a><\/p>\n<p>Fundaci\u00f3n Bolivia Digna<br \/>\nSmall foundation, big dreams<br \/>\n<a href=\"http:\/\/boliviadigna.org\/en\/home\/\" target=\"_blank\">http:\/\/boliviadigna.org\/en\/home\/<\/a><\/p>\n<p>60 maillots de football, 40 ballons, 40 gourdes et 40 troph\u00e9es ont \u00e9t\u00e9 envoy\u00e9s \u00e0 chaque association.<\/p>\n","protected":false},"excerpt":{"rendered":"<p>En 2016, Footballissima a soutenu 3 associations qui viennent en aide aux enfants d\u00e9favoris\u00e9s en Afrique et en Am\u00e9rique du Sud: Fondation BK.LUBAMBA Courage et dignit\u00e9 pour la jeunesse de la R.D.Congo http:\/\/www.bklubamba.org\/ Escola de futebol construindo sonhos, Rio Bananal, Esperito Santo, Br\u00e9sil https:\/\/www.facebook.com\/Escola-De-Futebol-Construindo-Sonhos-Rio-Bananal-Es-1486904054933978\/?rc=p Fundaci\u00f3n Bolivia Digna Small foundation, big dreams http:\/\/boliviadigna.org\/en\/home\/ 60 maillots de&#8230; <a href=\"https:\/\/www.footballissima.ch\/?page_id=320\" class=\"read-more-link\">Read More<\/a><\/p>\n","protected":false},"author":1,"featured_media":0,"parent":0,"menu_order":0,"comment_status":"open","ping_status":"open","template":"","meta":{"footnotes":""},"_links":{"self":[{"href":"https:\/\/www.footballissima.ch\/index.php?rest_route=\/wp\/v2\/pages\/320"}],"collection":[{"href":"https:\/\/www.footballissima.ch\/index.php?rest_route=\/wp\/v2\/pages"}],"about":[{"href":"https:\/\/www.footballissima.ch\/index.php?rest_route=\/wp\/v2\/types\/page"}],"author":[{"embeddable":true,"href":"https:\/\/www.footballissima.ch\/index.php?rest_route=\/wp\/v2\/users\/1"}],"replies":[{"embeddable":true,"href":"https:\/\/www.footballissima.ch\/index.php?rest_route=%2Fwp%2Fv2%2Fcomments&post=320"}],"version-history":[{"count":3,"href":"https:\/\/www.footballissima.ch\/index.php?rest_route=\/wp\/v2\/pages\/320\/revisions"}],"predecessor-version":[{"id":324,"href":"https:\/\/www.footballissima.ch\/index.php?rest_route=\/wp\/v2\/pages\/320\/revisions\/324"}],"wp:attachment":[{"href":"https:\/\/www.footballissima.ch\/index.php?rest_route=%2Fwp%2Fv2%2Fmedia&parent=320"}],"curies":[{"name":"wp","href":"https:\/\/api.w.org\/{rel}","templated":true}]}}