{"id":36,"date":"2014-01-27T17:45:22","date_gmt":"2014-01-27T16:45:22","guid":{"rendered":"http:\/\/www.footballissima.ch\/?page_id=36"},"modified":"2025-12-09T09:10:13","modified_gmt":"2025-12-09T08:10:13","slug":"inscriptions","status":"publish","type":"page","link":"https:\/\/www.footballissima.ch\/?page_id=36","title":{"rendered":"Inscriptions Mod\u00e8le"},"content":{"rendered":"\n<p>Comme l&#8217;an dernier, l&#8217;inscription se fait 100% online, apr\u00e8s avoir inscrit vos enfants, vous serez redirig\u00e9s vers une plateforme s\u00e9curis\u00e9e de paiement. <\/p>\n\n\n\n<p>Attention, les inscriptions ne sont enregistr\u00e9es qu&#8217;apr\u00e8s validation du paiement, <strong>merci d&#8217;attendre notre message de confirmation<\/strong> <strong>apr\u00e8s le paiement<\/strong> (vous recevrez aussi un email).<\/p>\n\n\n\n<p>Veuillez cliquer sur le bouton ci-dessous pour inscrire vos enfants:<\/p>\n\n\n\n<div class=\"wp-block-buttons is-layout-flex wp-block-buttons-is-layout-flex\">\n<div class=\"wp-block-button\"><a class=\"wp-block-button__link wp-element-button\" href=\"https:\/\/footballissima.ch\/inscriptions\" target=\"_blank\" rel=\"noreferrer noopener\">Inscription<\/a><\/div>\n<\/div>\n","protected":false},"excerpt":{"rendered":"<p>Comme l&#8217;an dernier, l&#8217;inscription se fait 100% online, apr\u00e8s avoir inscrit vos enfants, vous serez redirig\u00e9s vers une plateforme s\u00e9curis\u00e9e de paiement. Attention, les inscriptions ne sont enregistr\u00e9es qu&#8217;apr\u00e8s validation du paiement, merci d&#8217;attendre notre message de confirmation apr\u00e8s le paiement (vous recevrez aussi un email). Veuillez cliquer sur le bouton ci-dessous pour inscrire vos&#8230; <a href=\"https:\/\/www.footballissima.ch\/?page_id=36\" class=\"read-more-link\">Read More<\/a><\/p>\n","protected":false},"author":1,"featured_media":0,"parent":0,"menu_order":0,"comment_status":"open","ping_status":"closed","template":"","meta":{"footnotes":""},"_links":{"self":[{"href":"https:\/\/www.footballissima.ch\/index.php?rest_route=\/wp\/v2\/pages\/36"}],"collection":[{"href":"https:\/\/www.footballissima.ch\/index.php?rest_route=\/wp\/v2\/pages"}],"about":[{"href":"https:\/\/www.footballissima.ch\/index.php?rest_route=\/wp\/v2\/types\/page"}],"author":[{"embeddable":true,"href":"https:\/\/www.footballissima.ch\/index.php?rest_route=\/wp\/v2\/users\/1"}],"replies":[{"embeddable":true,"href":"https:\/\/www.footballissima.ch\/index.php?rest_route=%2Fwp%2Fv2%2Fcomments&post=36"}],"version-history":[{"count":41,"href":"https:\/\/www.footballissima.ch\/index.php?rest_route=\/wp\/v2\/pages\/36\/revisions"}],"predecessor-version":[{"id":632,"href":"https:\/\/www.footballissima.ch\/index.php?rest_route=\/wp\/v2\/pages\/36\/revisions\/632"}],"wp:attachment":[{"href":"https:\/\/www.footballissima.ch\/index.php?rest_route=%2Fwp%2Fv2%2Fmedia&parent=36"}],"curies":[{"name":"wp","href":"https:\/\/api.w.org\/{rel}","templated":true}]}}