{"id":423,"date":"2019-02-28T20:24:20","date_gmt":"2019-02-28T19:24:20","guid":{"rendered":"http:\/\/www.footballissima.ch\/?page_id=423"},"modified":"2019-02-28T20:30:15","modified_gmt":"2019-02-28T19:30:15","slug":"dons-2018","status":"publish","type":"page","link":"https:\/\/www.footballissima.ch\/?page_id=423","title":{"rendered":"Dons 2018"},"content":{"rendered":"<p>En 2018 , nous avons soutenu les organisations suivantes en donnant du mat\u00e9riel (maillots, ballons, gourdes, coupes, sacs \u00e0 dos)<\/p>\n<p>&nbsp;<\/p>\n<p>Association Bilifou Bilifou, Burkina Faso<\/p>\n<p><a href=\"http:\/\/www.bilifou.ch\">www.bilifou.ch<\/a><\/p>\n<p>&nbsp;<\/p>\n<p>Escola de futebol construindo sonhos, Rio Bananal, Esperito Santo, Br\u00e9sil<br \/>\n<a href=\"https:\/\/www.facebook.com\/Escola-De-Futebol-Construindo-Sonhos-Rio-Bananal-Es-1486904054933978\/?rc=p\">https:\/\/www.facebook.com\/Escola-De-Futebol-Construindo-Sonhos-Rio-Bananal-Es-1486904054933978\/?rc=p<\/a><\/p>\n<p>&nbsp;<\/p>\n<p>Nous avons \u00e9galement financ\u00e9 l\u2019achat d\u2019un baby-foot artisanal ainsi que des balan\u00e7oires dans une \u00e9cole la\u00efque de Bamako au Mali.<\/p>\n<p>Projet soutenu par l\u2019Association des 3 Soleils.<\/p>\n<p>&nbsp;<\/p>\n<p><img loading=\"lazy\" decoding=\"async\" class=\"alignnone size-full wp-image-427\" src=\"https:\/\/www.footballissima.ch\/wp-content\/uploads\/2019\/02\/image001.jpg\" alt=\"\" width=\"480\" height=\"640\" srcset=\"https:\/\/www.footballissima.ch\/wp-content\/uploads\/2019\/02\/image001.jpg 480w, https:\/\/www.footballissima.ch\/wp-content\/uploads\/2019\/02\/image001-225x300.jpg 225w, https:\/\/www.footballissima.ch\/wp-content\/uploads\/2019\/02\/image001-94x125.jpg 94w, https:\/\/www.footballissima.ch\/wp-content\/uploads\/2019\/02\/image001-344x459.jpg 344w, https:\/\/www.footballissima.ch\/wp-content\/uploads\/2019\/02\/image001-375x500.jpg 375w\" sizes=\"(max-width: 480px) 100vw, 480px\" \/> <img loading=\"lazy\" decoding=\"async\" class=\"alignnone size-large wp-image-428\" src=\"https:\/\/www.footballissima.ch\/wp-content\/uploads\/2019\/02\/image002.jpg\" alt=\"\" width=\"480\" height=\"640\" srcset=\"https:\/\/www.footballissima.ch\/wp-content\/uploads\/2019\/02\/image002.jpg 480w, https:\/\/www.footballissima.ch\/wp-content\/uploads\/2019\/02\/image002-225x300.jpg 225w, https:\/\/www.footballissima.ch\/wp-content\/uploads\/2019\/02\/image002-94x125.jpg 94w, https:\/\/www.footballissima.ch\/wp-content\/uploads\/2019\/02\/image002-344x459.jpg 344w, https:\/\/www.footballissima.ch\/wp-content\/uploads\/2019\/02\/image002-375x500.jpg 375w\" sizes=\"(max-width: 480px) 100vw, 480px\" \/><\/p>\n","protected":false},"excerpt":{"rendered":"<p>En 2018 , nous avons soutenu les organisations suivantes en donnant du mat\u00e9riel (maillots, ballons, gourdes, coupes, sacs \u00e0 dos) &nbsp; Association Bilifou Bilifou, Burkina Faso www.bilifou.ch &nbsp; Escola de futebol construindo sonhos, Rio Bananal, Esperito Santo, Br\u00e9sil https:\/\/www.facebook.com\/Escola-De-Futebol-Construindo-Sonhos-Rio-Bananal-Es-1486904054933978\/?rc=p &nbsp; Nous avons \u00e9galement financ\u00e9 l\u2019achat d\u2019un baby-foot artisanal ainsi que des balan\u00e7oires dans une \u00e9cole&#8230; <a href=\"https:\/\/www.footballissima.ch\/?page_id=423\" class=\"read-more-link\">Read More<\/a><\/p>\n","protected":false},"author":1,"featured_media":0,"parent":0,"menu_order":0,"comment_status":"closed","ping_status":"closed","template":"","meta":{"footnotes":""},"_links":{"self":[{"href":"https:\/\/www.footballissima.ch\/index.php?rest_route=\/wp\/v2\/pages\/423"}],"collection":[{"href":"https:\/\/www.footballissima.ch\/index.php?rest_route=\/wp\/v2\/pages"}],"about":[{"href":"https:\/\/www.footballissima.ch\/index.php?rest_route=\/wp\/v2\/types\/page"}],"author":[{"embeddable":true,"href":"https:\/\/www.footballissima.ch\/index.php?rest_route=\/wp\/v2\/users\/1"}],"replies":[{"embeddable":true,"href":"https:\/\/www.footballissima.ch\/index.php?rest_route=%2Fwp%2Fv2%2Fcomments&post=423"}],"version-history":[{"count":4,"href":"https:\/\/www.footballissima.ch\/index.php?rest_route=\/wp\/v2\/pages\/423\/revisions"}],"predecessor-version":[{"id":429,"href":"https:\/\/www.footballissima.ch\/index.php?rest_route=\/wp\/v2\/pages\/423\/revisions\/429"}],"wp:attachment":[{"href":"https:\/\/www.footballissima.ch\/index.php?rest_route=%2Fwp%2Fv2%2Fmedia&parent=423"}],"curies":[{"name":"wp","href":"https:\/\/api.w.org\/{rel}","templated":true}]}}