{"id":516,"date":"2022-02-24T21:36:57","date_gmt":"2022-02-24T20:36:57","guid":{"rendered":"https:\/\/www.footballissima.ch\/?page_id=516"},"modified":"2022-02-24T21:37:23","modified_gmt":"2022-02-24T20:37:23","slug":"dons-2019-2-2","status":"publish","type":"page","link":"https:\/\/www.footballissima.ch\/?page_id=516","title":{"rendered":"Dons 2021"},"content":{"rendered":"\n<p>En 2021, nous avons soutenu les associations suivantes en donnant du mat\u00e9riel (maillots, ballons, gourdes, coupes, gobelets)&nbsp;:<\/p>\n\n\n\n<p><strong><u>Ecole de Football au Br\u00e9sil<\/u><\/strong><strong>&nbsp;:<\/strong><\/p>\n\n\n\n<p>Escola de futebol construindo sonhos, Rio Bananal, Esperito Santo, Br\u00e9sil<\/p>\n\n\n\n<p><a href=\"https:\/\/www.facebook.com\/Escola-De-Futebol-Construindo-Sonhos-Rio-Bananal-Es-1486904054933978\/?rc=p\">https:\/\/www.facebook.com\/Escola-De-Futebol-Construindo-Sonhos-Rio-Bananal-Es-1486904054933978\/?rc=p<\/a><\/p>\n\n\n\n<p><strong><u>Ecole des Palettes, Gen\u00e8ve&nbsp;<\/u><\/strong><\/p>\n\n\n\n<p>Nous avons \u00e9galement soutenu&nbsp;:<\/p>\n\n\n\n<p><strong><u>l\u2019Association Sportive Schtroumpfs Gen\u00e8ve<\/u><\/strong><\/p>\n\n\n\n<p>pour l\u2019int\u00e9gration par le sport pour les personnes en situation de handicap.<\/p>\n\n\n\n<p><a href=\"https:\/\/www.planetebleue-sports.ch\/\">https:\/\/www.planetebleue-sports.ch\/<\/a><\/p>\n","protected":false},"excerpt":{"rendered":"<p>En 2021, nous avons soutenu les associations suivantes en donnant du mat\u00e9riel (maillots, ballons, gourdes, coupes, gobelets)&nbsp;: Ecole de Football au Br\u00e9sil&nbsp;: Escola de futebol construindo sonhos, Rio Bananal, Esperito Santo, Br\u00e9sil https:\/\/www.facebook.com\/Escola-De-Futebol-Construindo-Sonhos-Rio-Bananal-Es-1486904054933978\/?rc=p Ecole des Palettes, Gen\u00e8ve&nbsp; Nous avons \u00e9galement soutenu&nbsp;: l\u2019Association Sportive Schtroumpfs Gen\u00e8ve pour l\u2019int\u00e9gration par le sport pour les personnes en situation&#8230; <a href=\"https:\/\/www.footballissima.ch\/?page_id=516\" class=\"read-more-link\">Read More<\/a><\/p>\n","protected":false},"author":1,"featured_media":0,"parent":0,"menu_order":0,"comment_status":"closed","ping_status":"closed","template":"","meta":{"footnotes":""},"_links":{"self":[{"href":"https:\/\/www.footballissima.ch\/index.php?rest_route=\/wp\/v2\/pages\/516"}],"collection":[{"href":"https:\/\/www.footballissima.ch\/index.php?rest_route=\/wp\/v2\/pages"}],"about":[{"href":"https:\/\/www.footballissima.ch\/index.php?rest_route=\/wp\/v2\/types\/page"}],"author":[{"embeddable":true,"href":"https:\/\/www.footballissima.ch\/index.php?rest_route=\/wp\/v2\/users\/1"}],"replies":[{"embeddable":true,"href":"https:\/\/www.footballissima.ch\/index.php?rest_route=%2Fwp%2Fv2%2Fcomments&post=516"}],"version-history":[{"count":1,"href":"https:\/\/www.footballissima.ch\/index.php?rest_route=\/wp\/v2\/pages\/516\/revisions"}],"predecessor-version":[{"id":517,"href":"https:\/\/www.footballissima.ch\/index.php?rest_route=\/wp\/v2\/pages\/516\/revisions\/517"}],"wp:attachment":[{"href":"https:\/\/www.footballissima.ch\/index.php?rest_route=%2Fwp%2Fv2%2Fmedia&parent=516"}],"curies":[{"name":"wp","href":"https:\/\/api.w.org\/{rel}","templated":true}]}}