{"id":530,"date":"2023-02-16T14:39:43","date_gmt":"2023-02-16T13:39:43","guid":{"rendered":"https:\/\/www.footballissima.ch\/?page_id=530"},"modified":"2023-02-16T14:41:49","modified_gmt":"2023-02-16T13:41:49","slug":"dons-2019-2-2-2","status":"publish","type":"page","link":"https:\/\/www.footballissima.ch\/?page_id=530","title":{"rendered":"Dons 2022"},"content":{"rendered":"\n<p>En 2022, nous avons invit\u00e9 20 enfants r\u00e9fugi\u00e9s ukrainiens et 20 enfants d\u00e9favoris\u00e9s de la r\u00e9gion genevoise.<br>Nous avons \u00e9galement soutenu les associations suivantes en donnant du mat\u00e9riel:<\/p>\n\n\n\n<p><br><strong>Ecole de Football au Br\u00e9sil :<\/strong><\/p>\n\n\n\n<p>Escola de futebol construindo sonhos, Rio Bananal, Esperito Santo, Br\u00e9sil<\/p>\n\n\n\n<p><a href=\"https:\/\/www.facebook.com\/Escola-De-Futebol-Construindo-Sonhos-Rio-Bananal-Es-1486904054933978\/?rc=p\" target=\"_blank\" rel=\"noreferrer noopener\">https:\/\/www.facebook.com\/Escola-De-Futebol-Construindo-Sonhos-Rio-Bananal-Es-1486904054933978\/?rc=p<\/a><\/p>\n","protected":false},"excerpt":{"rendered":"<p>En 2022, nous avons invit\u00e9 20 enfants r\u00e9fugi\u00e9s ukrainiens et 20 enfants d\u00e9favoris\u00e9s de la r\u00e9gion genevoise.Nous avons \u00e9galement soutenu les associations suivantes en donnant du mat\u00e9riel: Ecole de Football au Br\u00e9sil : Escola de futebol construindo sonhos, Rio Bananal, Esperito Santo, Br\u00e9sil https:\/\/www.facebook.com\/Escola-De-Futebol-Construindo-Sonhos-Rio-Bananal-Es-1486904054933978\/?rc=p<\/p>\n","protected":false},"author":1,"featured_media":0,"parent":0,"menu_order":0,"comment_status":"closed","ping_status":"closed","template":"","meta":{"footnotes":""},"_links":{"self":[{"href":"https:\/\/www.footballissima.ch\/index.php?rest_route=\/wp\/v2\/pages\/530"}],"collection":[{"href":"https:\/\/www.footballissima.ch\/index.php?rest_route=\/wp\/v2\/pages"}],"about":[{"href":"https:\/\/www.footballissima.ch\/index.php?rest_route=\/wp\/v2\/types\/page"}],"author":[{"embeddable":true,"href":"https:\/\/www.footballissima.ch\/index.php?rest_route=\/wp\/v2\/users\/1"}],"replies":[{"embeddable":true,"href":"https:\/\/www.footballissima.ch\/index.php?rest_route=%2Fwp%2Fv2%2Fcomments&post=530"}],"version-history":[{"count":2,"href":"https:\/\/www.footballissima.ch\/index.php?rest_route=\/wp\/v2\/pages\/530\/revisions"}],"predecessor-version":[{"id":533,"href":"https:\/\/www.footballissima.ch\/index.php?rest_route=\/wp\/v2\/pages\/530\/revisions\/533"}],"wp:attachment":[{"href":"https:\/\/www.footballissima.ch\/index.php?rest_route=%2Fwp%2Fv2%2Fmedia&parent=530"}],"curies":[{"name":"wp","href":"https:\/\/api.w.org\/{rel}","templated":true}]}}