{"id":637,"date":"2023-02-16T14:39:43","date_gmt":"2023-02-16T13:39:43","guid":{"rendered":"https:\/\/www.footballissima.ch\/?page_id=637"},"modified":"2025-12-09T10:20:37","modified_gmt":"2025-12-09T09:20:37","slug":"dons-2019-2-2-2-2","status":"publish","type":"page","link":"https:\/\/www.footballissima.ch\/?page_id=637","title":{"rendered":"Dons 2023 &#8211; 2024"},"content":{"rendered":"\n<p>En 2023 et 2024, nous avons donn\u00e9 du mat\u00e9riel de football (ballons, maillots, gourdes, m\u00e9dailles, coupes) \u00e0\u00a0:<\/p>\n\n\n\n<p><strong>Ecole de Football au Br\u00e9sil :<\/strong><\/p>\n\n\n\n<p>Escola de futebol construindo sonhos, Rio Bananal, Esperito Santo, Br\u00e9sil<\/p>\n\n\n\n<p><a href=\"https:\/\/www.facebook.com\/Escola-De-Futebol-Construindo-Sonhos-Rio-Bananal-Es-1486904054933978\/?rc=p\" target=\"_blank\" rel=\"noreferrer noopener\">https:\/\/www.facebook.com\/Escola-De-Futebol-Construindo-Sonhos-Rio-Bananal-Es-1486904054933978\/?rc=p<\/a><\/p>\n","protected":false},"excerpt":{"rendered":"<p>En 2023 et 2024, nous avons donn\u00e9 du mat\u00e9riel de football (ballons, maillots, gourdes, m\u00e9dailles, coupes) \u00e0\u00a0: Ecole de Football au Br\u00e9sil : Escola de futebol construindo sonhos, Rio Bananal, Esperito Santo, Br\u00e9sil https:\/\/www.facebook.com\/Escola-De-Futebol-Construindo-Sonhos-Rio-Bananal-Es-1486904054933978\/?rc=p<\/p>\n","protected":false},"author":1,"featured_media":0,"parent":0,"menu_order":0,"comment_status":"closed","ping_status":"closed","template":"","meta":{"footnotes":""},"_links":{"self":[{"href":"https:\/\/www.footballissima.ch\/index.php?rest_route=\/wp\/v2\/pages\/637"}],"collection":[{"href":"https:\/\/www.footballissima.ch\/index.php?rest_route=\/wp\/v2\/pages"}],"about":[{"href":"https:\/\/www.footballissima.ch\/index.php?rest_route=\/wp\/v2\/types\/page"}],"author":[{"embeddable":true,"href":"https:\/\/www.footballissima.ch\/index.php?rest_route=\/wp\/v2\/users\/1"}],"replies":[{"embeddable":true,"href":"https:\/\/www.footballissima.ch\/index.php?rest_route=%2Fwp%2Fv2%2Fcomments&post=637"}],"version-history":[{"count":1,"href":"https:\/\/www.footballissima.ch\/index.php?rest_route=\/wp\/v2\/pages\/637\/revisions"}],"predecessor-version":[{"id":638,"href":"https:\/\/www.footballissima.ch\/index.php?rest_route=\/wp\/v2\/pages\/637\/revisions\/638"}],"wp:attachment":[{"href":"https:\/\/www.footballissima.ch\/index.php?rest_route=%2Fwp%2Fv2%2Fmedia&parent=637"}],"curies":[{"name":"wp","href":"https:\/\/api.w.org\/{rel}","templated":true}]}}