{"id":640,"date":"2023-02-16T14:39:43","date_gmt":"2023-02-16T13:39:43","guid":{"rendered":"https:\/\/www.footballissima.ch\/?page_id=640"},"modified":"2025-12-12T11:36:03","modified_gmt":"2025-12-12T10:36:03","slug":"dons-2019-2-2-2-2-2","status":"publish","type":"page","link":"https:\/\/www.footballissima.ch\/?page_id=640","title":{"rendered":"Dons 2025"},"content":{"rendered":"\n<p><br>En 2025, nous avons soutenu le projet de jeunes \u00e9tudiants genevois qui ont collect\u00e9 du mat\u00e9riel pour le transporter et le donner \u00e0 des enfants marocains.<\/p>\n\n\n\n<p>Leur association caritative MOROCC\u2019ALL r\u00e9colte du mat\u00e9riel de football aupr\u00e8s des enfants genevois pour ensuite les redistribuer dans des r\u00e9gions d\u00e9favoris\u00e9es du Maroc; cette ann\u00e9e \u00e0 Ouarzazate.<\/p>\n\n\n\n<p><a href=\"https:\/\/moroccall.charity\/\">https:\/\/moroccall.charity\/<\/a><\/p>\n","protected":false},"excerpt":{"rendered":"<p>En 2025, nous avons soutenu le projet de jeunes \u00e9tudiants genevois qui ont collect\u00e9 du mat\u00e9riel pour le transporter et le donner \u00e0 des enfants marocains. Leur association caritative MOROCC\u2019ALL r\u00e9colte du mat\u00e9riel de football aupr\u00e8s des enfants genevois pour ensuite les redistribuer dans des r\u00e9gions d\u00e9favoris\u00e9es du Maroc; cette ann\u00e9e \u00e0 Ouarzazate. https:\/\/moroccall.charity\/<\/p>\n","protected":false},"author":1,"featured_media":0,"parent":0,"menu_order":0,"comment_status":"closed","ping_status":"closed","template":"","meta":{"footnotes":""},"_links":{"self":[{"href":"https:\/\/www.footballissima.ch\/index.php?rest_route=\/wp\/v2\/pages\/640"}],"collection":[{"href":"https:\/\/www.footballissima.ch\/index.php?rest_route=\/wp\/v2\/pages"}],"about":[{"href":"https:\/\/www.footballissima.ch\/index.php?rest_route=\/wp\/v2\/types\/page"}],"author":[{"embeddable":true,"href":"https:\/\/www.footballissima.ch\/index.php?rest_route=\/wp\/v2\/users\/1"}],"replies":[{"embeddable":true,"href":"https:\/\/www.footballissima.ch\/index.php?rest_route=%2Fwp%2Fv2%2Fcomments&post=640"}],"version-history":[{"count":1,"href":"https:\/\/www.footballissima.ch\/index.php?rest_route=\/wp\/v2\/pages\/640\/revisions"}],"predecessor-version":[{"id":641,"href":"https:\/\/www.footballissima.ch\/index.php?rest_route=\/wp\/v2\/pages\/640\/revisions\/641"}],"wp:attachment":[{"href":"https:\/\/www.footballissima.ch\/index.php?rest_route=%2Fwp%2Fv2%2Fmedia&parent=640"}],"curies":[{"name":"wp","href":"https:\/\/api.w.org\/{rel}","templated":true}]}}