{"id":78,"date":"2014-01-30T11:15:43","date_gmt":"2014-01-30T10:15:43","guid":{"rendered":"http:\/\/www.footballissima.ch\/?page_id=78"},"modified":"2014-01-30T11:15:43","modified_gmt":"2014-01-30T10:15:43","slug":"encadrement","status":"publish","type":"page","link":"https:\/\/www.footballissima.ch\/?page_id=78","title":{"rendered":"Encadrement"},"content":{"rendered":"<h4>Encadrement<\/h4>\n<p>Les enfants sont repartis dans des groupes en fonction de leur \u00e2ge et de leurs envies et sont encadr\u00e9s par un moniteur comp\u00e9tent. Deux personnes sont \u00e9galement pr\u00e9sentes pour assurer l&#8217;intendance, servir les repas et soigner les petits &#8220;bobos&#8221;.<\/p>\n<h4>Infirmerie<\/h4>\n<p>Nous disposons sur place d&#8217;une infirmerie pour soigner les blessures l\u00e9g\u00e8res. En cas de blessure grave nous t\u00e9l\u00e9phonons imm\u00e9diatement au num\u00e9ro d&#8217;urgence laiss\u00e9 par les parents.<\/p>\n<h4>Assurance<\/h4>\n<p>chaque participant doit \u00eatre couvert par sa propre assurance accident et maladie.<\/p>\n","protected":false},"excerpt":{"rendered":"<p>Encadrement Les enfants sont repartis dans des groupes en fonction de leur \u00e2ge et de leurs envies et sont encadr\u00e9s par un moniteur comp\u00e9tent. Deux personnes sont \u00e9galement pr\u00e9sentes pour assurer l&#8217;intendance, servir les repas et soigner les petits &#8220;bobos&#8221;. Infirmerie Nous disposons sur place d&#8217;une infirmerie pour soigner les blessures l\u00e9g\u00e8res. En cas de&#8230; <a href=\"https:\/\/www.footballissima.ch\/?page_id=78\" class=\"read-more-link\">Read More<\/a><\/p>\n","protected":false},"author":1,"featured_media":0,"parent":0,"menu_order":0,"comment_status":"open","ping_status":"open","template":"","meta":{"footnotes":""},"_links":{"self":[{"href":"https:\/\/www.footballissima.ch\/index.php?rest_route=\/wp\/v2\/pages\/78"}],"collection":[{"href":"https:\/\/www.footballissima.ch\/index.php?rest_route=\/wp\/v2\/pages"}],"about":[{"href":"https:\/\/www.footballissima.ch\/index.php?rest_route=\/wp\/v2\/types\/page"}],"author":[{"embeddable":true,"href":"https:\/\/www.footballissima.ch\/index.php?rest_route=\/wp\/v2\/users\/1"}],"replies":[{"embeddable":true,"href":"https:\/\/www.footballissima.ch\/index.php?rest_route=%2Fwp%2Fv2%2Fcomments&post=78"}],"version-history":[{"count":1,"href":"https:\/\/www.footballissima.ch\/index.php?rest_route=\/wp\/v2\/pages\/78\/revisions"}],"predecessor-version":[{"id":79,"href":"https:\/\/www.footballissima.ch\/index.php?rest_route=\/wp\/v2\/pages\/78\/revisions\/79"}],"wp:attachment":[{"href":"https:\/\/www.footballissima.ch\/index.php?rest_route=%2Fwp%2Fv2%2Fmedia&parent=78"}],"curies":[{"name":"wp","href":"https:\/\/api.w.org\/{rel}","templated":true}]}}