{"id":92,"date":"2014-01-30T11:29:10","date_gmt":"2014-01-30T10:29:10","guid":{"rendered":"http:\/\/www.footballissima.ch\/?page_id=92"},"modified":"2014-01-30T11:29:33","modified_gmt":"2014-01-30T10:29:33","slug":"dons-2001-2002","status":"publish","type":"page","link":"https:\/\/www.footballissima.ch\/?page_id=92","title":{"rendered":"Dons 2001-2002"},"content":{"rendered":"<p>Footballissima a \u00e9t\u00e9 cr\u00e9\u00e9 dans un but caritatif (association \u00e0 but non lucratif) et est fier d&#8217;avoir ainsi pu soutenir de nombreux projets\/associations au fil du temps dont vous trouverez ci-dessous un bref descriptif.<\/p>\n<p>En 2001, un don a \u00e9t\u00e9 fait \u00e0 l&#8217;Association Sportive des Schtroumpfs . Cet organisme genevois s&#8217;occupe de personnes mentalement handicap\u00e9es. Il propose des entra\u00eenements sportifs et organise des manifestations sportives pour des adolescents et adultes handicap\u00e9s mentaux dans une perspective d&#8217;int\u00e9gration.<\/p>\n<p><a href=\"https:\/\/www.footballissima.ch\/wp-content\/uploads\/2014\/01\/stroumpfs.jpg\"><img loading=\"lazy\" decoding=\"async\" class=\"size-medium wp-image-94 aligncenter\" alt=\"stroumpfs\" src=\"https:\/\/www.footballissima.ch\/wp-content\/uploads\/2014\/01\/stroumpfs.jpg\" width=\"300\" height=\"300\" srcset=\"https:\/\/www.footballissima.ch\/wp-content\/uploads\/2014\/01\/stroumpfs.jpg 300w, https:\/\/www.footballissima.ch\/wp-content\/uploads\/2014\/01\/stroumpfs-150x150.jpg 150w, https:\/\/www.footballissima.ch\/wp-content\/uploads\/2014\/01\/stroumpfs-125x125.jpg 125w, https:\/\/www.footballissima.ch\/wp-content\/uploads\/2014\/01\/stroumpfs-80x80.jpg 80w\" sizes=\"(max-width: 300px) 100vw, 300px\" \/><\/a><\/p>\n<p>&nbsp;<\/p>\n<p>En 2002, Footballissima a particip\u00e9 au projet &#8221; Hopiclown &#8221; \u00e0 travers la &#8221; Fondation Marion &#8220;. Ce concept permet \u00e0 de jeunes enfants hospitalis\u00e9s de recevoir la visite de plusieurs clowns qui viennent les divertir pendant leur s\u00e9jour \u00e0 l&#8217;h\u00f4pital.<\/p>\n<p><a href=\"https:\/\/www.footballissima.ch\/wp-content\/uploads\/2014\/01\/Hopiclown.jpg\"><img loading=\"lazy\" decoding=\"async\" class=\"size-medium wp-image-93 aligncenter\" alt=\"Hopiclown\" src=\"https:\/\/www.footballissima.ch\/wp-content\/uploads\/2014\/01\/Hopiclown-300x200.jpg\" width=\"300\" height=\"200\" srcset=\"https:\/\/www.footballissima.ch\/wp-content\/uploads\/2014\/01\/Hopiclown-300x200.jpg 300w, https:\/\/www.footballissima.ch\/wp-content\/uploads\/2014\/01\/Hopiclown-187x125.jpg 187w, https:\/\/www.footballissima.ch\/wp-content\/uploads\/2014\/01\/Hopiclown-344x229.jpg 344w, https:\/\/www.footballissima.ch\/wp-content\/uploads\/2014\/01\/Hopiclown.jpg 500w\" sizes=\"(max-width: 300px) 100vw, 300px\" \/><\/a><\/p>\n","protected":false},"excerpt":{"rendered":"<p>Footballissima a \u00e9t\u00e9 cr\u00e9\u00e9 dans un but caritatif (association \u00e0 but non lucratif) et est fier d&#8217;avoir ainsi pu soutenir de nombreux projets\/associations au fil du temps dont vous trouverez ci-dessous un bref descriptif. En 2001, un don a \u00e9t\u00e9 fait \u00e0 l&#8217;Association Sportive des Schtroumpfs . Cet organisme genevois s&#8217;occupe de personnes mentalement handicap\u00e9es&#8230;. <a href=\"https:\/\/www.footballissima.ch\/?page_id=92\" class=\"read-more-link\">Read More<\/a><\/p>\n","protected":false},"author":1,"featured_media":0,"parent":0,"menu_order":0,"comment_status":"open","ping_status":"open","template":"","meta":{"footnotes":""},"_links":{"self":[{"href":"https:\/\/www.footballissima.ch\/index.php?rest_route=\/wp\/v2\/pages\/92"}],"collection":[{"href":"https:\/\/www.footballissima.ch\/index.php?rest_route=\/wp\/v2\/pages"}],"about":[{"href":"https:\/\/www.footballissima.ch\/index.php?rest_route=\/wp\/v2\/types\/page"}],"author":[{"embeddable":true,"href":"https:\/\/www.footballissima.ch\/index.php?rest_route=\/wp\/v2\/users\/1"}],"replies":[{"embeddable":true,"href":"https:\/\/www.footballissima.ch\/index.php?rest_route=%2Fwp%2Fv2%2Fcomments&post=92"}],"version-history":[{"count":1,"href":"https:\/\/www.footballissima.ch\/index.php?rest_route=\/wp\/v2\/pages\/92\/revisions"}],"predecessor-version":[{"id":95,"href":"https:\/\/www.footballissima.ch\/index.php?rest_route=\/wp\/v2\/pages\/92\/revisions\/95"}],"wp:attachment":[{"href":"https:\/\/www.footballissima.ch\/index.php?rest_route=%2Fwp%2Fv2%2Fmedia&parent=92"}],"curies":[{"name":"wp","href":"https:\/\/api.w.org\/{rel}","templated":true}]}}