{"id":99,"date":"2014-01-30T11:46:08","date_gmt":"2014-01-30T10:46:08","guid":{"rendered":"http:\/\/www.footballissima.ch\/?page_id=99"},"modified":"2014-01-30T11:46:08","modified_gmt":"2014-01-30T10:46:08","slug":"dons-2005-2007","status":"publish","type":"page","link":"https:\/\/www.footballissima.ch\/?page_id=99","title":{"rendered":"Dons 2005-2007"},"content":{"rendered":"<p>En 2005, Footballissima a offert un week-end d&#8217;entra\u00eenement \u00e0 l&#8217;\u00e9quipe des moins de 15 ans du Servette FC et a particip\u00e9 aux 24 heures de ski de Villars pour soutenir diverses associations caritatives. En 2006, nous avons particip\u00e9 \u00e0 la cr\u00e9ation du club de Nueva Generacion dans un bidonville en Colombie, \u00e0 Bucaramanga.<\/p>\n<p><a href=\"https:\/\/www.footballissima.ch\/wp-content\/uploads\/2014\/01\/2005_2007.png\"><img loading=\"lazy\" decoding=\"async\" class=\"size-full wp-image-100 aligncenter\" alt=\"2005_2007\" src=\"https:\/\/www.footballissima.ch\/wp-content\/uploads\/2014\/01\/2005_2007.png\" width=\"822\" height=\"286\" srcset=\"https:\/\/www.footballissima.ch\/wp-content\/uploads\/2014\/01\/2005_2007.png 822w, https:\/\/www.footballissima.ch\/wp-content\/uploads\/2014\/01\/2005_2007-300x104.png 300w, https:\/\/www.footballissima.ch\/wp-content\/uploads\/2014\/01\/2005_2007-359x125.png 359w, https:\/\/www.footballissima.ch\/wp-content\/uploads\/2014\/01\/2005_2007-344x119.png 344w, https:\/\/www.footballissima.ch\/wp-content\/uploads\/2014\/01\/2005_2007-750x260.png 750w\" sizes=\"(max-width: 822px) 100vw, 822px\" \/><\/a><\/p>\n<p>En 2007 notre contribution a permis l&#8217;achat de mat\u00e9riel (ballons, maillots) et \u00e0 assurer la p\u00e9rennit\u00e9 du club Nueva Generacion au niveau administratif (encadrement, entraineurs, inscription au championnat).<\/p>\n","protected":false},"excerpt":{"rendered":"<p>En 2005, Footballissima a offert un week-end d&#8217;entra\u00eenement \u00e0 l&#8217;\u00e9quipe des moins de 15 ans du Servette FC et a particip\u00e9 aux 24 heures de ski de Villars pour soutenir diverses associations caritatives. En 2006, nous avons particip\u00e9 \u00e0 la cr\u00e9ation du club de Nueva Generacion dans un bidonville en Colombie, \u00e0 Bucaramanga. En 2007&#8230; <a href=\"https:\/\/www.footballissima.ch\/?page_id=99\" class=\"read-more-link\">Read More<\/a><\/p>\n","protected":false},"author":1,"featured_media":0,"parent":0,"menu_order":0,"comment_status":"open","ping_status":"open","template":"","meta":{"footnotes":""},"_links":{"self":[{"href":"https:\/\/www.footballissima.ch\/index.php?rest_route=\/wp\/v2\/pages\/99"}],"collection":[{"href":"https:\/\/www.footballissima.ch\/index.php?rest_route=\/wp\/v2\/pages"}],"about":[{"href":"https:\/\/www.footballissima.ch\/index.php?rest_route=\/wp\/v2\/types\/page"}],"author":[{"embeddable":true,"href":"https:\/\/www.footballissima.ch\/index.php?rest_route=\/wp\/v2\/users\/1"}],"replies":[{"embeddable":true,"href":"https:\/\/www.footballissima.ch\/index.php?rest_route=%2Fwp%2Fv2%2Fcomments&post=99"}],"version-history":[{"count":1,"href":"https:\/\/www.footballissima.ch\/index.php?rest_route=\/wp\/v2\/pages\/99\/revisions"}],"predecessor-version":[{"id":104,"href":"https:\/\/www.footballissima.ch\/index.php?rest_route=\/wp\/v2\/pages\/99\/revisions\/104"}],"wp:attachment":[{"href":"https:\/\/www.footballissima.ch\/index.php?rest_route=%2Fwp%2Fv2%2Fmedia&parent=99"}],"curies":[{"name":"wp","href":"https:\/\/api.w.org\/{rel}","templated":true}]}}